{"id":159,"date":"2020-12-02T15:15:59","date_gmt":"2020-12-02T15:15:59","guid":{"rendered":"https:\/\/www.ctipls.com.br\/?page_id=159"},"modified":"2020-12-02T15:19:55","modified_gmt":"2020-12-02T15:19:55","slug":"politica-de-cancelamento","status":"publish","type":"page","link":"https:\/\/protegect.com.br\/?page_id=159","title":{"rendered":"Politica de Cancelamento"},"content":{"rendered":"<div id=\"dslc-main\">\r\n\t\t<div  class=\"dslc-modules-section \" style=\"\" data-section-id=\"b014905c2b3\">\r\n\t\t\t\t\r\n\t\t\t\t\r\n\t\t\t\t<div class=\"dslc-modules-section-wrapper dslc-clearfix\"><div class=\"dslc-modules-area dslc-col dslc-12-col dslc-last-col\" data-size=\"12\" data-valign=\"\">\r\n\t\t<div id=\"dslc-module-6374000abdb\" class=\"dslc-module-front dslc-module-DSLC_TP_Title dslc-in-viewport-check dslc-in-viewport-anim-none  dslc-col dslc-12-col dslc-last-col  dslc-module-handle-like-regular \" data-module-id=\"6374000abdb\" data-module=\"DSLC_TP_Title\" data-dslc-module-size=\"12\" data-dslc-anim=\"none\" data-dslc-anim-delay=\"\" data-dslc-anim-duration=\"650\"  data-dslc-anim-easing=\"ease\" data-dslc-preset=\"none\" >\r\n\r\n\t\t\t\r\n\t\t\t\r\n\t\t\r\n\t\t\t\t<div class=\"dslc-tp-title\"><h1>Politica de Cancelamento<\/h1><\/div>\r\n\r\n\t\t\t\r\n\t\t\t\t<\/div><!-- .dslc-module -->\r\n\t\t\r\n\t\t<div id=\"dslc-module-f17395786b9\" class=\"dslc-module-front dslc-module-DSLC_TP_Content dslc-in-viewport-check dslc-in-viewport-anim-none  dslc-col dslc-12-col dslc-last-col  dslc-module-handle-like-regular \" data-module-id=\"f17395786b9\" data-module=\"DSLC_TP_Content\" data-dslc-module-size=\"12\" data-dslc-anim=\"none\" data-dslc-anim-delay=\"\" data-dslc-anim-duration=\"650\"  data-dslc-anim-easing=\"ease\" data-dslc-preset=\"none\" >\r\n\r\n\t\t\t\r\n\t\t\t\r\n\t\t<div class=\"dslc-tp-content\"><div id=\"dslc-theme-content\"><div id=\"dslc-theme-content-inner\">\n<p><strong>TERMOS PARA INSCRI\u00c7\u00c3O<\/strong><br>REGRAS PARA CANCELAMENTO DA INSCRI\u00c7\u00c3O OU MATR\u00cdCULA BASEADO NO C\u00d3DIGO DE DEFESA DO CONSUMIDOR<\/p>\n\n\n\n<p><strong>I &#8211; CANCELAMENTO DA INSCRI\u00c7\u00c3O OU MATR\u00cdCULA \u2013 BASEADOS NO C\u00d3DIGO DEFESA DO CONSUMIDOR<\/strong><\/p>\n\n\n\n<p>Na impossibilidade do interessado participar da atividade de ensino, poder\u00e1 solicitar o cancelamento de sua inscri\u00e7\u00e3o\/matr\u00edcula e obter o reembolso nas seguintes circunst\u00e2ncias:<\/p>\n\n\n\n<p>Com at\u00e9 30 (trinta) dias de anteced\u00eancia ao in\u00edcio da atividade de ensino, mediante requerimento fundamentado, fazendo jus ao reembolso integral do valor pago, desde que devidamente comprovado o seu pagamento;<\/p>\n\n\n\n<p>Com at\u00e9 11 (onze) dias de anteced\u00eancia ao in\u00edcio da atividade de ensino, mediante requerimento fundamento, fazendo jus ao reembolso de 60% do valor pago, desde que devidamente comprovado o seu pagamento;<\/p>\n\n\n\n<p>Com at\u00e9 7 (sete) dias de anteced\u00eancia do in\u00edcio da atividade de ensino, fazendo jus ao reembolso de 30% do valor pago, desde que devidamente comprovado o seu pagamento;<\/p>\n\n\n\n<p>Solicita\u00e7\u00f5es encaminhadas ap\u00f3s este prazo n\u00e3o estar\u00e3o sujeitas ao reembolso do valor pago.<\/p>\n\n\n\n<p><strong>II &#8211; CANCELAMENTO DA ATIVIDADE DE ENSINO<\/strong><\/p>\n\n\n\n<p>O CTIPLS se reserva o direito de cancelar o curso que n\u00e3o atingir um n\u00famero m\u00ednimo de inscri\u00e7\u00f5es\/matr\u00edculas.<\/p>\n\n\n\n<p>No caso de cancelamento, o CTIPLS proceder\u00e1 com a restitui\u00e7\u00e3o dos valores efetivamente pagos, mediante apresenta\u00e7\u00e3o do comprovante de pagamento da taxa de inscri\u00e7\u00e3o.<\/p>\n\n\n\n<p><strong>III &#8211; TRANSFER\u00caNCIA DE EVENTO OU ALTERA\u00c7\u00c3O DE TURMA<\/strong><\/p>\n\n\n\n<p>Caso o inscrito tenha interesse em mudar de atividade de ensino ou iniciar em outra data, dever\u00e1 encaminhar requerimento por escrito para o CTIPLS, com pelo menos 30 (trinta) dias de anteced\u00eancia a data de in\u00edcio da atividade.<\/p>\n\n\n\n<p>A altera\u00e7\u00e3o de turma ou da atividade de ensino estar\u00e1 sujeita a an\u00e1lise de vagas ou novas datas previstas para realiza\u00e7\u00e3o daquela atividade.<\/p>\n\n\n\n<p>Caso ocorra altera\u00e7\u00e3o do valor da taxa de inscri\u00e7\u00e3o para a pr\u00f3xima turma, ficar\u00e1 o inscrito sujeito ao pagamento ou reembolso da diferen\u00e7a.<\/p>\n\n\n\n<p><strong>IV &#8211; ALTERA\u00c7\u00c3O DA DATA DE REALIZA\u00c7\u00c3O DA ATIVIDADE DE ENSINO<\/strong><\/p>\n\n\n\n<p>As datas de in\u00edcio e t\u00e9rmino apresentadas s\u00e3o datas previstas e podem sofrer altera\u00e7\u00f5es. Os inscritos ser\u00e3o informados por e-mail sobre as novas datas e a nova programa\u00e7\u00e3o.<\/p>\n\n\n\n<p>Caso o inscrito n\u00e3o tenha interesse na sua participa\u00e7\u00e3o face \u00e0s altera\u00e7\u00f5es de calend\u00e1rio, dever\u00e1 encaminhar requerimento para cancelamento de sua inscri\u00e7\u00e3o na forma prevista no item II deste regulamento.<\/p>\n<\/div><\/div><\/div>\r\n\t\t\t\t<\/div><!-- .dslc-module -->\r\n\t\t<\/div><\/div><\/div><\/div>","protected":false},"excerpt":{"rendered":"<p>Politica de Cancelamento TERMOS PARA INSCRI\u00c7\u00c3OREGRAS PARA CANCELAMENTO DA INSCRI\u00c7\u00c3O OU MATR\u00cdCULA BASEADO NO C\u00d3DIGO DE DEFESA DO CONSUMIDOR I &#8211; CANCELAMENTO DA INSCRI\u00c7\u00c3O OU MATR\u00cdCULA \u2013 BASEADOS NO C\u00d3DIGO DEFESA DO CONSUMIDOR Na impossibilidade do interessado participar da atividade de ensino, poder\u00e1 solicitar o cancelamento de sua inscri\u00e7\u00e3o\/matr\u00edcula e obter o reembolso nas seguintes [&hellip;]<\/p>\n","protected":false},"author":1,"featured_media":0,"parent":0,"menu_order":0,"comment_status":"closed","ping_status":"closed","template":"","meta":{"footnotes":""},"_links":{"self":[{"href":"https:\/\/protegect.com.br\/index.php?rest_route=\/wp\/v2\/pages\/159"}],"collection":[{"href":"https:\/\/protegect.com.br\/index.php?rest_route=\/wp\/v2\/pages"}],"about":[{"href":"https:\/\/protegect.com.br\/index.php?rest_route=\/wp\/v2\/types\/page"}],"author":[{"embeddable":true,"href":"https:\/\/protegect.com.br\/index.php?rest_route=\/wp\/v2\/users\/1"}],"replies":[{"embeddable":true,"href":"https:\/\/protegect.com.br\/index.php?rest_route=%2Fwp%2Fv2%2Fcomments&post=159"}],"version-history":[{"count":2,"href":"https:\/\/protegect.com.br\/index.php?rest_route=\/wp\/v2\/pages\/159\/revisions"}],"predecessor-version":[{"id":162,"href":"https:\/\/protegect.com.br\/index.php?rest_route=\/wp\/v2\/pages\/159\/revisions\/162"}],"wp:attachment":[{"href":"https:\/\/protegect.com.br\/index.php?rest_route=%2Fwp%2Fv2%2Fmedia&parent=159"}],"curies":[{"name":"wp","href":"https:\/\/api.w.org\/{rel}","templated":true}]}}